{"id":57,"date":"2019-05-22T22:08:14","date_gmt":"2019-05-22T22:08:14","guid":{"rendered":"https:\/\/www.buhlermadeiras.com\/dev\/?page_id=57"},"modified":"2025-12-03T19:31:33","modified_gmt":"2025-12-03T19:31:33","slug":"unser-team","status":"publish","type":"page","link":"https:\/\/www.buhlermadeiras.com\/de\/unser-team\/","title":{"rendered":"Unser Team"},"content":{"rendered":"","protected":false},"excerpt":{"rendered":"<p> [&#8230;]<\/p>\n<p><a class=\"btn btn-secondary understrap-read-more-link\" href=\"https:\/\/www.buhlermadeiras.com\/de\/unser-team\/\">Weiterlesen&#8230;<span class=\"screen-reader-text\"> from Unser Team<\/span><\/a><\/p>\n","protected":false},"author":1,"featured_media":0,"parent":0,"menu_order":0,"comment_status":"closed","ping_status":"closed","template":"page-templates\/template-equipa.php","meta":{"footnotes":""},"yoast_head":"<!-- This site is optimized with the Yoast SEO plugin v19.9 - https:\/\/yoast.com\/wordpress\/plugins\/seo\/ -->\n<title>Unser Team - V. M. B\u00fchler<\/title>\n<meta name=\"description\" content=\"Our team is composed by experienced staff that will help you find individualized solutions and possibilities for your projects.\" \/>\n<meta name=\"robots\" content=\"index, follow, max-snippet:-1, max-image-preview:large, max-video-preview:-1\" \/>\n<link rel=\"canonical\" href=\"https:\/\/www.buhlermadeiras.com\/de\/unser-team\/\" \/>\n<meta property=\"og:locale\" content=\"de_DE\" \/>\n<meta property=\"og:type\" content=\"article\" \/>\n<meta property=\"og:title\" content=\"Unser Team - V. M. B\u00fchler\" \/>\n<meta property=\"og:description\" content=\"Our team is composed by experienced staff that will help you find individualized solutions and possibilities for your projects.\" \/>\n<meta property=\"og:url\" content=\"https:\/\/www.buhlermadeiras.com\/de\/unser-team\/\" \/>\n<meta property=\"og:site_name\" content=\"V. M. B\u00fchler\" \/>\n<meta property=\"article:modified_time\" content=\"2025-12-03T19:31:33+00:00\" \/>\n<meta name=\"twitter:card\" content=\"summary_large_image\" \/>\n<script type=\"application\/ld+json\" class=\"yoast-schema-graph\">{\"@context\":\"https:\/\/schema.org\",\"@graph\":[{\"@type\":\"WebPage\",\"@id\":\"https:\/\/www.buhlermadeiras.com\/de\/unser-team\/\",\"url\":\"https:\/\/www.buhlermadeiras.com\/de\/unser-team\/\",\"name\":\"Unser Team - V. M. B\u00fchler\",\"isPartOf\":{\"@id\":\"https:\/\/www.buhlermadeiras.com\/de\/#website\"},\"datePublished\":\"2019-05-22T22:08:14+00:00\",\"dateModified\":\"2025-12-03T19:31:33+00:00\",\"description\":\"Our team is composed by experienced staff that will help you find individualized solutions and possibilities for your projects.\",\"breadcrumb\":{\"@id\":\"https:\/\/www.buhlermadeiras.com\/de\/unser-team\/#breadcrumb\"},\"inLanguage\":\"de\",\"potentialAction\":[{\"@type\":\"ReadAction\",\"target\":[\"https:\/\/www.buhlermadeiras.com\/de\/unser-team\/\"]}]},{\"@type\":\"BreadcrumbList\",\"@id\":\"https:\/\/www.buhlermadeiras.com\/de\/unser-team\/#breadcrumb\",\"itemListElement\":[{\"@type\":\"ListItem\",\"position\":1,\"name\":\"Home\",\"item\":\"https:\/\/www.buhlermadeiras.com\/de\/\"},{\"@type\":\"ListItem\",\"position\":2,\"name\":\"Unser Team\"}]},{\"@type\":\"WebSite\",\"@id\":\"https:\/\/www.buhlermadeiras.com\/de\/#website\",\"url\":\"https:\/\/www.buhlermadeiras.com\/de\/\",\"name\":\"V. M. B\u00fchler\",\"description\":\"Com\u00e9rcio de Madeiras e Servi\u00e7o, Lda.\",\"publisher\":{\"@id\":\"https:\/\/www.buhlermadeiras.com\/de\/#organization\"},\"potentialAction\":[{\"@type\":\"SearchAction\",\"target\":{\"@type\":\"EntryPoint\",\"urlTemplate\":\"https:\/\/www.buhlermadeiras.com\/de\/?s={search_term_string}\"},\"query-input\":\"required name=search_term_string\"}],\"inLanguage\":\"de\"},{\"@type\":\"Organization\",\"@id\":\"https:\/\/www.buhlermadeiras.com\/de\/#organization\",\"name\":\"V. M. B\u00fchler\",\"url\":\"https:\/\/www.buhlermadeiras.com\/de\/\",\"logo\":{\"@type\":\"ImageObject\",\"inLanguage\":\"de\",\"@id\":\"https:\/\/www.buhlermadeiras.com\/de\/#\/schema\/logo\/image\/\",\"url\":\"https:\/\/www.buhlermadeiras.com\/wp-content\/uploads\/2019\/05\/v-m-buhler-logo-1.svg\",\"contentUrl\":\"https:\/\/www.buhlermadeiras.com\/wp-content\/uploads\/2019\/05\/v-m-buhler-logo-1.svg\",\"caption\":\"V. M. B\u00fchler\"},\"image\":{\"@id\":\"https:\/\/www.buhlermadeiras.com\/de\/#\/schema\/logo\/image\/\"}}]}<\/script>\n<!-- \/ Yoast SEO plugin. -->","yoast_head_json":{"title":"Unser Team - V. M. B\u00fchler","description":"Our team is composed by experienced staff that will help you find individualized solutions and possibilities for your projects.","robots":{"index":"index","follow":"follow","max-snippet":"max-snippet:-1","max-image-preview":"max-image-preview:large","max-video-preview":"max-video-preview:-1"},"canonical":"https:\/\/www.buhlermadeiras.com\/de\/unser-team\/","og_locale":"de_DE","og_type":"article","og_title":"Unser Team - V. M. B\u00fchler","og_description":"Our team is composed by experienced staff that will help you find individualized solutions and possibilities for your projects.","og_url":"https:\/\/www.buhlermadeiras.com\/de\/unser-team\/","og_site_name":"V. M. B\u00fchler","article_modified_time":"2025-12-03T19:31:33+00:00","twitter_card":"summary_large_image","schema":{"@context":"https:\/\/schema.org","@graph":[{"@type":"WebPage","@id":"https:\/\/www.buhlermadeiras.com\/de\/unser-team\/","url":"https:\/\/www.buhlermadeiras.com\/de\/unser-team\/","name":"Unser Team - V. M. B\u00fchler","isPartOf":{"@id":"https:\/\/www.buhlermadeiras.com\/de\/#website"},"datePublished":"2019-05-22T22:08:14+00:00","dateModified":"2025-12-03T19:31:33+00:00","description":"Our team is composed by experienced staff that will help you find individualized solutions and possibilities for your projects.","breadcrumb":{"@id":"https:\/\/www.buhlermadeiras.com\/de\/unser-team\/#breadcrumb"},"inLanguage":"de","potentialAction":[{"@type":"ReadAction","target":["https:\/\/www.buhlermadeiras.com\/de\/unser-team\/"]}]},{"@type":"BreadcrumbList","@id":"https:\/\/www.buhlermadeiras.com\/de\/unser-team\/#breadcrumb","itemListElement":[{"@type":"ListItem","position":1,"name":"Home","item":"https:\/\/www.buhlermadeiras.com\/de\/"},{"@type":"ListItem","position":2,"name":"Unser Team"}]},{"@type":"WebSite","@id":"https:\/\/www.buhlermadeiras.com\/de\/#website","url":"https:\/\/www.buhlermadeiras.com\/de\/","name":"V. M. B\u00fchler","description":"Com\u00e9rcio de Madeiras e Servi\u00e7o, Lda.","publisher":{"@id":"https:\/\/www.buhlermadeiras.com\/de\/#organization"},"potentialAction":[{"@type":"SearchAction","target":{"@type":"EntryPoint","urlTemplate":"https:\/\/www.buhlermadeiras.com\/de\/?s={search_term_string}"},"query-input":"required name=search_term_string"}],"inLanguage":"de"},{"@type":"Organization","@id":"https:\/\/www.buhlermadeiras.com\/de\/#organization","name":"V. M. B\u00fchler","url":"https:\/\/www.buhlermadeiras.com\/de\/","logo":{"@type":"ImageObject","inLanguage":"de","@id":"https:\/\/www.buhlermadeiras.com\/de\/#\/schema\/logo\/image\/","url":"https:\/\/www.buhlermadeiras.com\/wp-content\/uploads\/2019\/05\/v-m-buhler-logo-1.svg","contentUrl":"https:\/\/www.buhlermadeiras.com\/wp-content\/uploads\/2019\/05\/v-m-buhler-logo-1.svg","caption":"V. M. B\u00fchler"},"image":{"@id":"https:\/\/www.buhlermadeiras.com\/de\/#\/schema\/logo\/image\/"}}]}},"_links":{"self":[{"href":"https:\/\/www.buhlermadeiras.com\/de\/wp-json\/wp\/v2\/pages\/57"}],"collection":[{"href":"https:\/\/www.buhlermadeiras.com\/de\/wp-json\/wp\/v2\/pages"}],"about":[{"href":"https:\/\/www.buhlermadeiras.com\/de\/wp-json\/wp\/v2\/types\/page"}],"author":[{"embeddable":true,"href":"https:\/\/www.buhlermadeiras.com\/de\/wp-json\/wp\/v2\/users\/1"}],"replies":[{"embeddable":true,"href":"https:\/\/www.buhlermadeiras.com\/de\/wp-json\/wp\/v2\/comments?post=57"}],"version-history":[{"count":25,"href":"https:\/\/www.buhlermadeiras.com\/de\/wp-json\/wp\/v2\/pages\/57\/revisions"}],"predecessor-version":[{"id":3075,"href":"https:\/\/www.buhlermadeiras.com\/de\/wp-json\/wp\/v2\/pages\/57\/revisions\/3075"}],"wp:attachment":[{"href":"https:\/\/www.buhlermadeiras.com\/de\/wp-json\/wp\/v2\/media?parent=57"}],"curies":[{"name":"wp","href":"https:\/\/api.w.org\/{rel}","templated":true}]}}