{"id":3,"date":"2019-05-22T18:03:41","date_gmt":"2019-05-22T18:03:41","guid":{"rendered":"https:\/\/www.buhlermadeiras.com\/dev\/?page_id=3"},"modified":"2019-06-26T14:16:05","modified_gmt":"2019-06-26T14:16:05","slug":"terms-and-conditions","status":"publish","type":"page","link":"https:\/\/www.buhlermadeiras.com\/en\/terms-and-conditions\/","title":{"rendered":"Terms and Conditions"},"content":{"rendered":"\n<p><strong>Terms and General Conditions<\/strong><\/p>\n\n\n\n<h2 class=\"wp-block-heading\">What personal data we collect and why we collect it<\/h2>\n\n\n\n<h3 class=\"wp-block-heading\"><strong>1. Introduction\ufeff<\/strong><\/h3>\n\n\n\n<p>This document establishes the general terms and conditions according to which the provision of services of V.M B\u00fchler \u2013 Com\u00e9rcio de Madeira e Servi\u00e7o, Lda, with headquarters in Barreiros do Juncalinho \u2013 Caixa Postal No. 7310-7630-381 relics, with number of 505956039 tax identification, telephone contact + 351 283926043 and written contact via e-mail <a rel=\"noreferrer noopener\" href=\"mailto:buehler.madeiras@gmail.com\" target=\"_blank\">buehler.madeiras@gmail.com<\/a>, to be hereinafter referred to as &#8220;V. M B\u00fchler&#8221; and persons wishing to acquire goods or services through our store that will hereafter be designated &#8220;Customers&#8221;.<\/p>\n\n\n\n<h3 class=\"wp-block-heading\"><strong>2. Data usage and privacy\ufeff<\/strong><\/h3>\n\n\n\n<p>If you upload images to the website, you should avoid uploading images with embedded location data (EXIF GPS) included. Visitors to the website can download and extract any location data from images on the website.<\/p>\n\n\n\n<h4 class=\"wp-block-heading\"><strong>2.1 Personal data<\/strong><\/h4>\n\n\n\n<p>The data provided by the customers to the V. M B\u00fchler, are absolutely confidential and used exclusively for internal processes, both invoicing and improving and customizing our services. Your data will not be shared with third parties.<\/p>\n\n\n\n<p>The V.M. B\u00fchler gives the data holders the right to access, rectification, erasure, limitation of treatment and portability, simply by contacting by written or in person in our facilities, with the V. M B\u00fchler.<\/p>\n\n\n\n<h4 class=\"wp-block-heading\"><strong>2.2 Cookie Policy<\/strong><\/h4>\n\n\n\n<p>The V. M B\u00fchler does not automatically collect any type of information from its users, who will be able to browse the site without providing any kind of personal information, remaining in the anonymous during its visit. However, V.M. B\u00fchler may collect information that is not of a personal nature to optimize site navigation. V. M B\u00fchler intends to ensure that your visit to our web site is easy, reliable and as useful as possible. To help us get this goal, we use cookies and similar technologies (hereinafter, collectively, &#8220;cookies&#8221;). Cookies are text files stored in your browser, which contain basic information on the use of the website by the user to more easily recognize the computer or mobile device to better personalize the contents of the Site.<\/p>\n\n\n\n<h3 class=\"wp-block-heading\"><strong>3. Product and Service Information<\/strong><\/h3>\n\n\n\n<p>The data, prices and specifications present both on the site and in the price lists, present at the premises or provided via e-mail are merely informative, reserving to V. M B\u00fchler the right to modify at any time, and without prior notice, the information and commercial offer presented on: products, prices and promotional campaigns, commercial conditions and services.<\/p>\n\n\n\n<p>The V. M B\u00fchler makes the necessary efforts to make the information is free of errors, in particular as regards the Product characteristics and their prices and photographs. Not withstanding, V. M B\u00fchler is not liable for the accuracy or integrity of any information made available. In case of question or clarification, the user can contact V. M B\u00fchler through the available means of contact.<\/p>\n\n\n\n<h3 class=\"wp-block-heading\"><strong>4. Quotes<\/strong><\/h3>\n\n\n\n<p>The quotes made by V. M B\u00fchler are valid for 15 days, from the date of issue, and the prices shown are valid during this period. Quotes are not processed as Orders, not being booked stock may no longer be available the product quoted in the budget.<\/p>\n\n\n\n<h3 class=\"wp-block-heading\"><strong>5. Orders\ufeff<\/strong><\/h3>\n\n\n\n<h4 class=\"wp-block-heading\"><strong>5.1 Confirmation<\/strong><\/h4>\n\n\n\n<p>The confirmation of orders is made through contact by written, and its the client&#8217;s entire responsibility is to verify the the products or services present in the order. V.M. B\u00fchler withholds itself in the case of Stock disruption or unforeseen supply, the right to inform the customer of the existence of a alternative products or services of value and quality equal to or higher.  <\/p>\n\n\n\n<p>By customer&#8217;s request, except where there is customization of products or Special requests from the customer, the order may be cancelled in whole or in part. In the impossibility to contact the customer the order is without effect, not being booked Stock or delivery date.<\/p>\n\n\n\n<p> Orders of material not existing in Stock, i.e. materials requiring a order, a down payment is required, to be arranged with with V. M B\u00fchler. This kind of order cannot be cancelled, i.e. the V. M B\u00fchler has the right to maintain the signal value.  <\/p>\n\n\n\n<h4 class=\"wp-block-heading\"><strong>5.2 Delivery<\/strong><\/h4>\n\n\n\n<p>The V.M. B\u00fchler provides for the realization of the delivery of products ordered, duly packaged, at the address and date indicated by user for this purpose and the address indicated for the calculation of the shipping cost.<\/p>\n\n\n\n<p>The date indicated may undergo changes, notably by unavailability of stock or unforeseen circumstances, and it is not possible to V.M. B\u00fchler be held liable in case the delivery is not satisfied in this period.  <\/p>\n\n\n\n<p>It is of the customer&#8217;s entire responsibility to confirm the quantities delivered, and no complaint is deemed to be absent from material after delivery.  <\/p>\n\n\n\n<h3 class=\"wp-block-heading\"><strong>6. Means of payment<\/strong><\/h3>\n\n\n\n<p>The V.M. B\u00fchler only accepts ready payment, being the products or services paid in the act of delivery, except where it is carried out a bank transfer before the act of delivery by customer&#8217;s request.<\/p>\n\n\n\n<p>The V.M. B\u00fchler provides customers with various means of payment to pay for the products or services. Money, debit card, or by bank transfer (before delivery).<\/p>\n\n\n\n<h3 class=\"wp-block-heading\"><strong>7. Warranty<\/strong><\/h3>\n\n\n\n<p>Being the main product of V.M. Buhler construction material and we cannot guarantee the correct use of our products, V.M. B\u00fchler is not responsible for any damages caused. It is the clients responsibility for the choice of the material and its correct usage.<\/p>\n\n\n\n<p>The wood cuts are made with chainsaws, there may be a deviation of a maximum of 20 mm, if the Customer wants the measure to be exact, the nearest standard length will be charged. If you choose a clean cut, it will be charged the value of hand labor. The cuts done outside the standard measure cannot be returned.<\/p>\n\n\n\n<p>The damage caused by bad weather are not considered a complaint because it is not possible for V.M. B\u00fchler to control the correct application and protection of the material by Customers.<\/p>\n\n\n\n<h3 class=\"wp-block-heading\"><strong>8. Complaints\ufeff<\/strong><\/h3>\n\n\n\n<p>The complaints must be submitted in writing (via email) or in person at our facilities. The Customer must bring the the material in question for the complaint to be analyzed for possible return or exchange. When the material was delivered through our transportation service, the customer must be accompanied by physical evidence (a sample or photographs) being the retrieval of the material of the responsibility of V.M. B\u00fchler.<\/p>\n","protected":false},"excerpt":{"rendered":"<p>Terms and General Conditions What personal data we collect and why we collect it 1. Introduction\ufeff This document establishes the general terms and conditions according to which the provision of services of V.M B\u00fchler \u2013 Com\u00e9rcio de Madeira e Servi\u00e7o, Lda, with headquarters in Barreiros do Juncalinho \u2013 Caixa Postal No. 7310-7630-381 relics, with number [&#8230;]<\/p>\n<p><a class=\"btn btn-secondary understrap-read-more-link\" href=\"https:\/\/www.buhlermadeiras.com\/en\/terms-and-conditions\/\">Read More&#8230;<span class=\"screen-reader-text\"> from Terms and Conditions<\/span><\/a><\/p>\n","protected":false},"author":1,"featured_media":0,"parent":0,"menu_order":0,"comment_status":"closed","ping_status":"open","template":"","meta":{"footnotes":""},"yoast_head":"<!-- This site is optimized with the Yoast SEO plugin v19.9 - https:\/\/yoast.com\/wordpress\/plugins\/seo\/ -->\n<title>Terms and Conditions - V. M. B\u00fchler<\/title>\n<meta name=\"robots\" content=\"index, follow, max-snippet:-1, max-image-preview:large, max-video-preview:-1\" \/>\n<link rel=\"canonical\" href=\"https:\/\/www.buhlermadeiras.com\/en\/terms-and-conditions\/\" \/>\n<meta property=\"og:locale\" content=\"en_US\" \/>\n<meta property=\"og:type\" content=\"article\" \/>\n<meta property=\"og:title\" content=\"Terms and Conditions - V. M. B\u00fchler\" \/>\n<meta property=\"og:description\" content=\"Terms and General Conditions What personal data we collect and why we collect it 1. Introduction\ufeff This document establishes the general terms and conditions according to which the provision of services of V.M B\u00fchler \u2013 Com\u00e9rcio de Madeira e Servi\u00e7o, Lda, with headquarters in Barreiros do Juncalinho \u2013 Caixa Postal No. 7310-7630-381 relics, with number [...]Read More... from Terms and Conditions\" \/>\n<meta property=\"og:url\" content=\"https:\/\/www.buhlermadeiras.com\/en\/terms-and-conditions\/\" \/>\n<meta property=\"og:site_name\" content=\"V. M. B\u00fchler\" \/>\n<meta property=\"article:modified_time\" content=\"2019-06-26T14:16:05+00:00\" \/>\n<meta name=\"twitter:card\" content=\"summary_large_image\" \/>\n<meta name=\"twitter:label1\" content=\"Est. reading time\" \/>\n\t<meta name=\"twitter:data1\" content=\"5 minutes\" \/>\n<script type=\"application\/ld+json\" class=\"yoast-schema-graph\">{\"@context\":\"https:\/\/schema.org\",\"@graph\":[{\"@type\":\"WebPage\",\"@id\":\"https:\/\/www.buhlermadeiras.com\/en\/terms-and-conditions\/\",\"url\":\"https:\/\/www.buhlermadeiras.com\/en\/terms-and-conditions\/\",\"name\":\"Terms and Conditions - V. M. B\u00fchler\",\"isPartOf\":{\"@id\":\"https:\/\/www.buhlermadeiras.com\/en\/#website\"},\"datePublished\":\"2019-05-22T18:03:41+00:00\",\"dateModified\":\"2019-06-26T14:16:05+00:00\",\"breadcrumb\":{\"@id\":\"https:\/\/www.buhlermadeiras.com\/en\/terms-and-conditions\/#breadcrumb\"},\"inLanguage\":\"en-US\",\"potentialAction\":[{\"@type\":\"ReadAction\",\"target\":[\"https:\/\/www.buhlermadeiras.com\/en\/terms-and-conditions\/\"]}]},{\"@type\":\"BreadcrumbList\",\"@id\":\"https:\/\/www.buhlermadeiras.com\/en\/terms-and-conditions\/#breadcrumb\",\"itemListElement\":[{\"@type\":\"ListItem\",\"position\":1,\"name\":\"Home\",\"item\":\"https:\/\/www.buhlermadeiras.com\/en\/\"},{\"@type\":\"ListItem\",\"position\":2,\"name\":\"Terms and Conditions\"}]},{\"@type\":\"WebSite\",\"@id\":\"https:\/\/www.buhlermadeiras.com\/en\/#website\",\"url\":\"https:\/\/www.buhlermadeiras.com\/en\/\",\"name\":\"V. M. B\u00fchler\",\"description\":\"Com\u00e9rcio de Madeiras e Servi\u00e7o, Lda.\",\"publisher\":{\"@id\":\"https:\/\/www.buhlermadeiras.com\/en\/#organization\"},\"potentialAction\":[{\"@type\":\"SearchAction\",\"target\":{\"@type\":\"EntryPoint\",\"urlTemplate\":\"https:\/\/www.buhlermadeiras.com\/en\/?s={search_term_string}\"},\"query-input\":\"required name=search_term_string\"}],\"inLanguage\":\"en-US\"},{\"@type\":\"Organization\",\"@id\":\"https:\/\/www.buhlermadeiras.com\/en\/#organization\",\"name\":\"V. M. B\u00fchler\",\"url\":\"https:\/\/www.buhlermadeiras.com\/en\/\",\"logo\":{\"@type\":\"ImageObject\",\"inLanguage\":\"en-US\",\"@id\":\"https:\/\/www.buhlermadeiras.com\/en\/#\/schema\/logo\/image\/\",\"url\":\"https:\/\/www.buhlermadeiras.com\/wp-content\/uploads\/2019\/05\/v-m-buhler-logo-1.svg\",\"contentUrl\":\"https:\/\/www.buhlermadeiras.com\/wp-content\/uploads\/2019\/05\/v-m-buhler-logo-1.svg\",\"caption\":\"V. M. B\u00fchler\"},\"image\":{\"@id\":\"https:\/\/www.buhlermadeiras.com\/en\/#\/schema\/logo\/image\/\"}}]}<\/script>\n<!-- \/ Yoast SEO plugin. -->","yoast_head_json":{"title":"Terms and Conditions - V. M. B\u00fchler","robots":{"index":"index","follow":"follow","max-snippet":"max-snippet:-1","max-image-preview":"max-image-preview:large","max-video-preview":"max-video-preview:-1"},"canonical":"https:\/\/www.buhlermadeiras.com\/en\/terms-and-conditions\/","og_locale":"en_US","og_type":"article","og_title":"Terms and Conditions - V. M. B\u00fchler","og_description":"Terms and General Conditions What personal data we collect and why we collect it 1. Introduction\ufeff This document establishes the general terms and conditions according to which the provision of services of V.M B\u00fchler \u2013 Com\u00e9rcio de Madeira e Servi\u00e7o, Lda, with headquarters in Barreiros do Juncalinho \u2013 Caixa Postal No. 7310-7630-381 relics, with number [...]Read More... from Terms and Conditions","og_url":"https:\/\/www.buhlermadeiras.com\/en\/terms-and-conditions\/","og_site_name":"V. M. B\u00fchler","article_modified_time":"2019-06-26T14:16:05+00:00","twitter_card":"summary_large_image","twitter_misc":{"Est. reading time":"5 minutes"},"schema":{"@context":"https:\/\/schema.org","@graph":[{"@type":"WebPage","@id":"https:\/\/www.buhlermadeiras.com\/en\/terms-and-conditions\/","url":"https:\/\/www.buhlermadeiras.com\/en\/terms-and-conditions\/","name":"Terms and Conditions - V. M. B\u00fchler","isPartOf":{"@id":"https:\/\/www.buhlermadeiras.com\/en\/#website"},"datePublished":"2019-05-22T18:03:41+00:00","dateModified":"2019-06-26T14:16:05+00:00","breadcrumb":{"@id":"https:\/\/www.buhlermadeiras.com\/en\/terms-and-conditions\/#breadcrumb"},"inLanguage":"en-US","potentialAction":[{"@type":"ReadAction","target":["https:\/\/www.buhlermadeiras.com\/en\/terms-and-conditions\/"]}]},{"@type":"BreadcrumbList","@id":"https:\/\/www.buhlermadeiras.com\/en\/terms-and-conditions\/#breadcrumb","itemListElement":[{"@type":"ListItem","position":1,"name":"Home","item":"https:\/\/www.buhlermadeiras.com\/en\/"},{"@type":"ListItem","position":2,"name":"Terms and Conditions"}]},{"@type":"WebSite","@id":"https:\/\/www.buhlermadeiras.com\/en\/#website","url":"https:\/\/www.buhlermadeiras.com\/en\/","name":"V. M. B\u00fchler","description":"Com\u00e9rcio de Madeiras e Servi\u00e7o, Lda.","publisher":{"@id":"https:\/\/www.buhlermadeiras.com\/en\/#organization"},"potentialAction":[{"@type":"SearchAction","target":{"@type":"EntryPoint","urlTemplate":"https:\/\/www.buhlermadeiras.com\/en\/?s={search_term_string}"},"query-input":"required name=search_term_string"}],"inLanguage":"en-US"},{"@type":"Organization","@id":"https:\/\/www.buhlermadeiras.com\/en\/#organization","name":"V. M. B\u00fchler","url":"https:\/\/www.buhlermadeiras.com\/en\/","logo":{"@type":"ImageObject","inLanguage":"en-US","@id":"https:\/\/www.buhlermadeiras.com\/en\/#\/schema\/logo\/image\/","url":"https:\/\/www.buhlermadeiras.com\/wp-content\/uploads\/2019\/05\/v-m-buhler-logo-1.svg","contentUrl":"https:\/\/www.buhlermadeiras.com\/wp-content\/uploads\/2019\/05\/v-m-buhler-logo-1.svg","caption":"V. M. B\u00fchler"},"image":{"@id":"https:\/\/www.buhlermadeiras.com\/en\/#\/schema\/logo\/image\/"}}]}},"_links":{"self":[{"href":"https:\/\/www.buhlermadeiras.com\/en\/wp-json\/wp\/v2\/pages\/3"}],"collection":[{"href":"https:\/\/www.buhlermadeiras.com\/en\/wp-json\/wp\/v2\/pages"}],"about":[{"href":"https:\/\/www.buhlermadeiras.com\/en\/wp-json\/wp\/v2\/types\/page"}],"author":[{"embeddable":true,"href":"https:\/\/www.buhlermadeiras.com\/en\/wp-json\/wp\/v2\/users\/1"}],"replies":[{"embeddable":true,"href":"https:\/\/www.buhlermadeiras.com\/en\/wp-json\/wp\/v2\/comments?post=3"}],"version-history":[{"count":7,"href":"https:\/\/www.buhlermadeiras.com\/en\/wp-json\/wp\/v2\/pages\/3\/revisions"}],"predecessor-version":[{"id":1541,"href":"https:\/\/www.buhlermadeiras.com\/en\/wp-json\/wp\/v2\/pages\/3\/revisions\/1541"}],"wp:attachment":[{"href":"https:\/\/www.buhlermadeiras.com\/en\/wp-json\/wp\/v2\/media?parent=3"}],"curies":[{"name":"wp","href":"https:\/\/api.w.org\/{rel}","templated":true}]}}